{"id":25,"date":"2014-10-03T19:22:51","date_gmt":"2014-10-03T19:22:51","guid":{"rendered":"http:\/\/e4e.3d7.myftpupload.com\/?page_id=25"},"modified":"2017-11-02T12:03:28","modified_gmt":"2017-11-02T12:03:28","slug":"produtos-e-servicos","status":"publish","type":"page","link":"https:\/\/observatoriodaimprensa.net\/en\/produtos-e-servicos\/","title":{"rendered":"Products and Services"},"content":{"rendered":"<p>The Press Observatory provides the following services: Consulting in the field of consumer research, analysis and evaluation of projects, preparation of reports on Human Rights, political polls and opinions for political parties and NGOs. We also dedicate ourselves to the publication of books in all knowledge areas.<\/p>\n<div id=\"vfb-form-2\" class=\"visual-form-builder-container\"><form id=\"contacto-en-2\" class=\"visual-form-builder vfb-form-2 \" method=\"post\" enctype=\"multipart\/form-data\">\n\t  \t<input type=\"hidden\" name=\"form_id\" value=\"2\" \/><fieldset class=\"vfb-fieldset vfb-fieldset-1 complete-the-form-below-to-send-us-a-message \" id=\"item-vfb-16\"><div class=\"vfb-legend\"><h3>Complete the form below to send us a message<\/h3><\/div><ul class=\"vfb-section vfb-section-1\"><li class=\"vfb-item vfb-item-text  \" id=\"item-vfb-20\"><label for=\"vfb-20\" class=\"vfb-desc\">Name  <span class=\"vfb-required-asterisk\">*<\/span><\/label><input type=\"text\" name=\"vfb-20\" id=\"vfb-20\" value=\"\" class=\"vfb-text  vfb-medium  required  \" \/><\/li><li class=\"vfb-item vfb-item-email  \" id=\"item-vfb-22\"><label for=\"vfb-22\" class=\"vfb-desc\">Email  <span class=\"vfb-required-asterisk\">*<\/span><\/label><input type=\"email\" name=\"vfb-22\" id=\"vfb-22\" value=\"\" class=\"vfb-text  vfb-medium  required  email \" \/><\/li><li class=\"vfb-item vfb-item-textarea  \" id=\"item-vfb-21\"><label for=\"vfb-21\" class=\"vfb-desc\">Message  <span class=\"vfb-required-asterisk\">*<\/span><\/label><div><textarea name=\"vfb-21\" id=\"vfb-21\" class=\"vfb-textarea  vfb-medium  required \"><\/textarea><\/div><\/li><\/ul>&nbsp;<\/fieldset><fieldset class=\"vfb-fieldset vfb-fieldset-2 verification \" id=\"item-vfb-17\" style=\"display:block\"><div class=\"vfb-legend\"><h3>Verification<\/h3><\/div><ul class=\"vfb-section vfb-section-2\"><li class=\"vfb-item vfb-item-secret\"  style=\"display:block\"><label for=\"vfb-18\" class=\"vfb-desc\">Enter any two numbers <span class=\"vfb-required-asterisk\">*<\/span><\/label><input type=\"hidden\" name=\"_vfb-secret\" value=\"vfb-18\" \/><span class=\"vfb-span\"><input type=\"text\" name=\"vfb-18\" id=\"vfb-18\" value=\"\" class=\"vfb-text  vfb-medium  required {digits:true,maxlength:2,minlength:2} \" style=\"display:block\" \/><label>Example: 12<\/label><\/span><li style=\"display:none;\"><label>This box is for spam protection - &lt;strong&gt;please leave it blank&lt;\/strong&gt;:<\/label><div><input name=\"vfb-spam\" \/><\/div><\/li>\n\t\t\t<li class=\"vfb-item vfb-item-submit\" id=\"item-vfb-19\">\n\t\t\t\t<input type=\"submit\" name=\"vfb-submit\" id=\"vfb-19\" value=\"Send\" class=\"vfb-submit \" \/>\n\t\t\t\t<\/li><\/ul>\n\t\t\t<\/fieldset><input type=\"hidden\" name=\"_wp_http_referer\" value=\"\/en\/wp-json\/wp\/v2\/pages\/25\" \/><\/form><\/div> <!-- .visual-form-builder-container --><\/p>","protected":false},"excerpt":{"rendered":"<p>The Press Observatory provides the following services: Consulting in the field of consumer research, analysis and evaluation of projects, preparation of reports on Human Rights, political polls and opinions for political parties and NGOs. We also dedicate ourselves to the publication of books in all knowledge areas.<\/p>\n","protected":false},"author":1,"featured_media":0,"parent":0,"menu_order":0,"comment_status":"open","ping_status":"open","template":"","meta":[],"yoast_head":"<!-- This site is optimized with the Yoast SEO plugin v16.7 - https:\/\/yoast.com\/wordpress\/plugins\/seo\/ -->\n<title>Produtos e Servi\u00e7os - Observat\u00f3rio da Imprensa<\/title>\n<meta name=\"description\" content=\"Produtos e Servi\u00e7os\" \/>\n<meta name=\"robots\" content=\"index, follow, max-snippet:-1, max-image-preview:large, max-video-preview:-1\" \/>\n<link rel=\"canonical\" href=\"https:\/\/observatoriodaimprensa.net\/produtos-e-servicos\/\" \/>\n<meta property=\"og:locale\" content=\"en_US\" \/>\n<meta property=\"og:type\" content=\"article\" \/>\n<meta property=\"og:title\" content=\"Produtos e Servi\u00e7os - Observat\u00f3rio da Imprensa\" \/>\n<meta property=\"og:description\" content=\"Produtos e Servi\u00e7os\" \/>\n<meta property=\"og:url\" content=\"https:\/\/observatoriodaimprensa.net\/produtos-e-servicos\/\" \/>\n<meta property=\"og:site_name\" content=\"Observat\u00f3rio da imprensa\" \/>\n<meta property=\"article:modified_time\" content=\"2017-11-02T12:03:28+00:00\" \/>\n<meta name=\"twitter:label1\" content=\"Est. reading time\" \/>\n\t<meta name=\"twitter:data1\" content=\"1 minute\" \/>\n<script type=\"application\/ld+json\" class=\"yoast-schema-graph\">{\"@context\":\"https:\/\/schema.org\",\"@graph\":[{\"@type\":\"WebSite\",\"@id\":\"https:\/\/observatoriodaimprensa.net\/#website\",\"url\":\"https:\/\/observatoriodaimprensa.net\/\",\"name\":\"Observat\\u00f3rio da imprensa\",\"description\":\"\",\"potentialAction\":[{\"@type\":\"SearchAction\",\"target\":{\"@type\":\"EntryPoint\",\"urlTemplate\":\"https:\/\/observatoriodaimprensa.net\/?s={search_term_string}\"},\"query-input\":\"required name=search_term_string\"}],\"inLanguage\":\"en-US\"},{\"@type\":\"WebPage\",\"@id\":\"https:\/\/observatoriodaimprensa.net\/produtos-e-servicos\/#webpage\",\"url\":\"https:\/\/observatoriodaimprensa.net\/produtos-e-servicos\/\",\"name\":\"Produtos e Servi\\u00e7os - Observat\\u00f3rio da Imprensa\",\"isPartOf\":{\"@id\":\"https:\/\/observatoriodaimprensa.net\/#website\"},\"datePublished\":\"2014-10-03T19:22:51+00:00\",\"dateModified\":\"2017-11-02T12:03:28+00:00\",\"description\":\"Produtos e Servi\\u00e7os\",\"breadcrumb\":{\"@id\":\"https:\/\/observatoriodaimprensa.net\/produtos-e-servicos\/#breadcrumb\"},\"inLanguage\":\"en-US\",\"potentialAction\":[{\"@type\":\"ReadAction\",\"target\":[\"https:\/\/observatoriodaimprensa.net\/produtos-e-servicos\/\"]}]},{\"@type\":\"BreadcrumbList\",\"@id\":\"https:\/\/observatoriodaimprensa.net\/produtos-e-servicos\/#breadcrumb\",\"itemListElement\":[{\"@type\":\"ListItem\",\"position\":1,\"name\":\"In\\u00edcio\",\"item\":\"https:\/\/observatoriodaimprensa.net\/\"},{\"@type\":\"ListItem\",\"position\":2,\"name\":\"Produtos e Servi\\u00e7os\"}]}]}<\/script>\n<!-- \/ Yoast SEO plugin. -->","yoast_head_json":{"title":"Produtos e Servi\u00e7os - Observat\u00f3rio da Imprensa","description":"Produtos e Servi\u00e7os","robots":{"index":"index","follow":"follow","max-snippet":"max-snippet:-1","max-image-preview":"max-image-preview:large","max-video-preview":"max-video-preview:-1"},"canonical":"https:\/\/observatoriodaimprensa.net\/produtos-e-servicos\/","og_locale":"en_US","og_type":"article","og_title":"Produtos e Servi\u00e7os - Observat\u00f3rio da Imprensa","og_description":"Produtos e Servi\u00e7os","og_url":"https:\/\/observatoriodaimprensa.net\/produtos-e-servicos\/","og_site_name":"Observat\u00f3rio da imprensa","article_modified_time":"2017-11-02T12:03:28+00:00","twitter_misc":{"Est. reading time":"1 minute"},"schema":{"@context":"https:\/\/schema.org","@graph":[{"@type":"WebSite","@id":"https:\/\/observatoriodaimprensa.net\/#website","url":"https:\/\/observatoriodaimprensa.net\/","name":"Observat\u00f3rio da imprensa","description":"","potentialAction":[{"@type":"SearchAction","target":{"@type":"EntryPoint","urlTemplate":"https:\/\/observatoriodaimprensa.net\/?s={search_term_string}"},"query-input":"required name=search_term_string"}],"inLanguage":"en-US"},{"@type":"WebPage","@id":"https:\/\/observatoriodaimprensa.net\/produtos-e-servicos\/#webpage","url":"https:\/\/observatoriodaimprensa.net\/produtos-e-servicos\/","name":"Produtos e Servi\u00e7os - Observat\u00f3rio da Imprensa","isPartOf":{"@id":"https:\/\/observatoriodaimprensa.net\/#website"},"datePublished":"2014-10-03T19:22:51+00:00","dateModified":"2017-11-02T12:03:28+00:00","description":"Produtos e Servi\u00e7os","breadcrumb":{"@id":"https:\/\/observatoriodaimprensa.net\/produtos-e-servicos\/#breadcrumb"},"inLanguage":"en-US","potentialAction":[{"@type":"ReadAction","target":["https:\/\/observatoriodaimprensa.net\/produtos-e-servicos\/"]}]},{"@type":"BreadcrumbList","@id":"https:\/\/observatoriodaimprensa.net\/produtos-e-servicos\/#breadcrumb","itemListElement":[{"@type":"ListItem","position":1,"name":"In\u00edcio","item":"https:\/\/observatoriodaimprensa.net\/"},{"@type":"ListItem","position":2,"name":"Produtos e Servi\u00e7os"}]}]}},"_links":{"self":[{"href":"https:\/\/observatoriodaimprensa.net\/en\/wp-json\/wp\/v2\/pages\/25"}],"collection":[{"href":"https:\/\/observatoriodaimprensa.net\/en\/wp-json\/wp\/v2\/pages"}],"about":[{"href":"https:\/\/observatoriodaimprensa.net\/en\/wp-json\/wp\/v2\/types\/page"}],"author":[{"embeddable":true,"href":"https:\/\/observatoriodaimprensa.net\/en\/wp-json\/wp\/v2\/users\/1"}],"replies":[{"embeddable":true,"href":"https:\/\/observatoriodaimprensa.net\/en\/wp-json\/wp\/v2\/comments?post=25"}],"version-history":[{"count":26,"href":"https:\/\/observatoriodaimprensa.net\/en\/wp-json\/wp\/v2\/pages\/25\/revisions"}],"predecessor-version":[{"id":1805,"href":"https:\/\/observatoriodaimprensa.net\/en\/wp-json\/wp\/v2\/pages\/25\/revisions\/1805"}],"wp:attachment":[{"href":"https:\/\/observatoriodaimprensa.net\/en\/wp-json\/wp\/v2\/media?parent=25"}],"curies":[{"name":"wp","href":"https:\/\/api.w.org\/{rel}","templated":true}]}}