{"id":3318,"date":"2021-04-28T22:46:20","date_gmt":"2021-04-28T22:46:20","guid":{"rendered":"https:\/\/observatoriodaimprensa.net\/?page_id=3318"},"modified":"2025-10-21T14:22:05","modified_gmt":"2025-10-21T14:22:05","slug":"homepage2021","status":"publish","type":"page","link":"https:\/\/observatoriodaimprensa.net\/en\/","title":{"rendered":"Homepage"},"content":{"rendered":"<p>[vc_row full_width=&#8221;stretch_row_content_no_spaces&#8221; css=&#8221;.vc_custom_1568749692612{margin-top: -50px !important;padding-top: -50px !important;}&#8221;][vc_column][rev_slider_vc alias=&#8221;sliderhome&#8221;][\/vc_column][\/vc_row][vc_row content_placement=&#8221;top&#8221;][vc_column][vc_row_inner][vc_column_inner width=&#8221;1\/3&#8243;][vc_single_image image=&#8221;3349&#8243; img_size=&#8221;full&#8221; alignment=&#8221;center&#8221; onclick=&#8221;custom_link&#8221; link=&#8221;\/menu\/liberdades-artisticas&#8221;][vc_single_image image=&#8221;735&#8243; img_size=&#8221;full&#8221; alignment=&#8221;center&#8221; onclick=&#8221;custom_link&#8221; link=&#8221;\/menu\/direito-a-desobediencia-civil&#8221;][\/vc_column_inner][vc_column_inner width=&#8221;1\/3&#8243;][vc_single_image image=&#8221;731&#8243; img_size=&#8221;full&#8221; alignment=&#8221;center&#8221; onclick=&#8221;custom_link&#8221; link=&#8221;\/menu\/linguagem-e-linguas&#8221;][vc_single_image image=&#8221;737&#8243; img_size=&#8221;full&#8221; alignment=&#8221;center&#8221; onclick=&#8221;custom_link&#8221; link=&#8221;\/menu\/liberdade-cientifica-e-conexas&#8221;][\/vc_column_inner][vc_column_inner width=&#8221;1\/3&#8243;][vc_single_image image=&#8221;733&#8243; img_size=&#8221;full&#8221; alignment=&#8221;center&#8221; onclick=&#8221;custom_link&#8221; link=&#8221;\/menu\/direito-a-internet&#8221;][vc_single_image image=&#8221;728&#8243; img_size=&#8221;full&#8221; alignment=&#8221;center&#8221; onclick=&#8221;custom_link&#8221; link=&#8221;\/menu\/legislacao&#8221;][\/vc_column_inner][\/vc_row_inner][vc_row_inner][vc_column_inner css=&#8221;.vc_custom_1619662981078{margin-top: -30px !important;}&#8221;][vc_column_text][\/vc_column_text][\/vc_column_inner][\/vc_row_inner][vc_text_separator title=&#8221;ARTIGOS RECENTES&#8221; color=&#8221;black&#8221; border_width=&#8221;2&#8243;][vc_row_inner][vc_column_inner css=&#8221;.vc_custom_1619969332943{margin-left: -3px !important;}&#8221;][na_posts_carousel height=&#8221;360px&#8221; excerpt=&#8221;180&#8243; comment=&#8221;none&#8221; catg=&#8221;none&#8221; arrow=&#8221;false&#8221; dot=&#8221;false&#8221; autoplay=&#8221;false&#8221; slide_visible=&#8221;2&#8243; txtsize=&#8221;30px&#8221; txtclr=&#8221;#000000&#8243; dateclr=&#8221;#666666&#8243; descclr=&#8221;#888888&#8243; settings=&#8221;size:2|order_by:date|order:DESC|post_type:post|categories:70&#8243; css=&#8221;.vc_custom_1619969257717{margin-right: -15px !important;margin-left: -15px !important;}&#8221;][\/vc_column_inner][\/vc_row_inner][vc_text_separator title=&#8221;&#8221; color=&#8221;black&#8221; border_width=&#8221;2&#8243;][vc_row_inner][vc_column_inner width=&#8221;2\/3&#8243;][vc_single_image image=&#8221;3837&#8243; img_size=&#8221;full&#8221; alignment=&#8221;center&#8221; onclick=&#8221;custom_link&#8221; link=&#8221;https:\/\/observatoriodaimprensa.net\/produtos-e-servicos\/&#8221;][vc_text_separator title=&#8221;FOTO DO M\u00caS&#8221; color=&#8221;black&#8221; border_width=&#8221;2&#8243;][rev_slider_vc alias=&#8221;foto-do-mes&#8221;][vc_text_separator title=&#8221;\u00c1UDIOS&#8221; color=&#8221;black&#8221; border_width=&#8221;2&#8243;][vc_column_text]\n <div id=\"wrapperMI_0\" class=\"wrap-mjp nostop flip \" style=\"position: relative; padding:0px 0px 0px 0px; margin:0px; width:100%;\">\n\t<div style=\"display:none;\" class=\"Eabove-mjp\" id=\"Eabove-mjp_0\"><\/div>\n\t <div class=\"subwrap-MI\">\n\t\t <div class=\"jp-innerwrap\">\n\t\t\t <div class=\"innerx\"><\/div>\n\t\t\t <div class=\"innerleft\"><\/div>\n\t\t\t <div class=\"innerright\"><\/div>\n\t\t\t <div class=\"innertab\"><\/div>\n\t\t\t <div class=\"interface-mjp\" style=\"height:90px;\" id=\"interfaceMI_0\">\n\t\t\t\t <div class=\"MI-image Himg left-mjp\" id=\"MI_image_0\" style=\" width:auto; height:90px; overflow:hidden;\"><\/div>\n\t\t\t\t <div id=\"T_mp3j_0\" class=\"player-track-title center-mjp norm-mjp plain-mjp childNorm-mjp childItalic-mjp\" style=\"left:36px; right:36px;  top:30px;\"><\/div>\n\t\t\t\t <div class=\"bars_holder\">\n\t\t\t\t\t <div class=\"loadMI_mp3j\" id=\"load_mp3j_0\"><\/div>\n\t\t\t\t\t <div class=\"poscolMI_mp3j\" id=\"poscol_mp3j_0\"><\/div>\n\t\t\t\t\t <div class=\"posbarMI_mp3j\" id=\"posbar_mp3j_0\"><\/div>\n\t\t\t\t <\/div>\n\t\t\t\t <div id=\"P-Time-MI_0\" class=\"jp-play-time\"><\/div>\n\t\t\t\t <div id=\"T-Time-MI_0\" class=\"jp-total-time\"><\/div>\n\t\t\t\t <div id=\"statusMI_0\" class=\"statusMI\"><\/div>\n\t\t\t\t <div class=\"transport-MI\"><div class=\"play-mjp\" id=\"playpause_mp3j_0\">Play<\/div><div class=\"stop-mjp\" id=\"stop_mp3j_0\">Stop<\/div><div class=\"next-mjp\" id=\"Next_mp3j_0\">Next&raquo;<\/div><div class=\"prev-mjp\" id=\"Prev_mp3j_0\">&laquo;Prev<\/div><\/div>\n\t\t\t\t <div class=\"buttons-wrap-mjp\" id=\"buttons-wrap-mjp_0\">\n\t\t\t\t\t <div class=\"playlist-toggle-MI\" id=\"playlist-toggle_0\">HIDE PLAYLIST<\/div>\n\t\t\t\t\t <div class=\"mp3j-popout-MI\" id=\"lpp_mp3j_0\" style=\"display:none;\"><\/div>\n\t\t\t\t\t \n\t\t\t\t <\/div>\n\t\t\t <\/div>\n\t\t\t <div class=\"mjp-volwrap\">\n\t\t\t\t <div class=\"MIsliderVolume\" id=\"vol_mp3j_0\"><\/div>\n\t\t\t\t <div class=\"innerExt1\" id=\"innerExt1_0\"><\/div>\n\t\t\t\t <div class=\"innerExt2\" id=\"innerExt2_0\"><\/div>\n\t\t\t <\/div>\n\t\t <\/div>\n\t\t <div style=\"display:none;\" class=\"Ebetween-mjp\" id=\"Ebetween-mjp_0\"><\/div>\n\t\t <div class=\"listwrap_mp3j\" id=\"L_mp3j_0\" style=\"overflow:auto; max-height:175px;\"><div class=\"wrapper-mjp\"><div class=\"playlist-colour\"><\/div><div class=\"wrapper-mjp\"><ul class=\"ul-mjp childNorm-mjp childPlain-mjp left-mjp\" id=\"UL_mp3j_0\"><li><\/li><\/ul><\/div><\/div><\/div>\n\t <\/div>\n\t <div id=\"mp3j_finfo_0\" class=\"mp3j-finfo\" style=\"display:none;\"><div class=\"mp3j-finfo-sleeve\"><div id=\"mp3j_finfo_gif_0\" class=\"mp3j-finfo-gif\"><\/div><div id=\"mp3j_finfo_txt_0\" class=\"mp3j-finfo-txt\"><\/div><div class=\"mp3j-finfo-close\" id=\"mp3j_finfo_close_0\">X<\/div><\/div><\/div><div id=\"mp3j_dlf_0\" class=\"mp3j-dlframe\" style=\"display:none;\"><\/div>\n\t <div class=\"mp3j-nosolution\" id=\"mp3j_nosolution_0\" style=\"display:none;\"><\/div>\n\t <div style=\"display:none;\" class=\"Ebelow-mjp\" id=\"Ebelow-mjp_0\"><\/div>\n <\/div> \n<script>\nMP3jPLAYLISTS.MI_0 = [\n\t{ name: \"Liberdade de express\u00e3o na era da sucess\u00e3o (2)\", formats: [\"mp3\"], mp3: \"aHR0cDovL29ic2VydmF0b3Jpb2RhaW1wcmVuc2EubmV0L3dwLWNvbnRlbnQvdXBsb2Fkcy8yMDIwLzAyL0xpYmVyZGFkZS1kZS1leHByZXNzw6NvLW5hLWVyYS1kYS1zdWNlc3PDo28tMi5tcDM=\", counterpart:\"\", artist: \"\", image: \"false\", imgurl: \"\" },\n\t{ name: \"A escola n\u00e3o pode ser uma extens\u00e3o do partido, tal como \u00e9 em Angola\", formats: [\"mp3\"], mp3: \"aHR0cDovL29ic2VydmF0b3Jpb2RhaW1wcmVuc2EubmV0L3dwLWNvbnRlbnQvdXBsb2Fkcy8yMDIwLzAxL0EtZXNjb2xhLW7Do28tcG9kZS1zZXItdW1hLWV4dGVuc8Ojby1kby1wYXJ0aWRvLXRhbC1jb21vLcOpLWVtLUFuZ29sYS5tcDM=\", counterpart:\"\", artist: \"\", image: \"false\", imgurl: \"\" },\n\t{ name: \"Um governo que n\u00e3o fornece nenhum servi\u00e7o e ainda retira o pouco que t\u00eam...\", formats: [\"mp3\"], mp3: \"aHR0cDovL29ic2VydmF0b3Jpb2RhaW1wcmVuc2EubmV0L3dwLWNvbnRlbnQvdXBsb2Fkcy8yMDE5LzEyL1VtLWdvdmVybm8tcXVlLW7Do28tZm9ybmVjZS1uZW5odW0tc2VydmnDp28tZS1haW5kYS1yZXRpcmEtby1wb3Vjby1xdWUtdMOqbS4uLi5tcDM=\", counterpart:\"\", artist: \"\", image: \"false\", imgurl: \"\" },\n\t{ name: \"As institui\u00e7\u00f5es educativas devem ser espa\u00e7os de liberdade, investiga\u00e7\u00e3o e publica\u00e7\u00e3o\", formats: [\"mp3\"], mp3: \"aHR0cDovL29ic2VydmF0b3Jpb2RhaW1wcmVuc2EubmV0L3dwLWNvbnRlbnQvdXBsb2Fkcy8yMDE5LzExL0FzLWluc3RpdHVpw6fDtWVzLWVkdWNhdGl2YXMtZGV2ZW0tc2VyLWVzcGHDp29zLWRlLWxpYmVyZGFkZS1pbnZlc3RpZ2HDp8Ojby1lLXB1YmxpY2HDp8Ojby5tcDM=\", counterpart:\"\", artist: \"\", image: \"false\", imgurl: \"\" },\n\t{ name: \"A R\u00e1dio Nacional de Angola \u00e9 um bom exemplo em termos institucionais\", formats: [\"mp3\"], mp3: \"aHR0cDovL29ic2VydmF0b3Jpb2RhaW1wcmVuc2EubmV0L3dwLWNvbnRlbnQvdXBsb2Fkcy8yMDE5LzExL0EtUsOhZGlvLU5hY2lvbmFsLWRlLUFuZ29sYS3DqS11bS1ib20tZXhlbXBsby1lbS10ZXJtb3MtaW5zdGl0dWNpb25haXMubXAz\", counterpart:\"\", artist: \"\", image: \"false\", imgurl: \"\" },\n\t{ name: \"Sociedade aberta e liberdade de pensamento. Transpar\u00eancia e boa governa\u00e7\u00e3o\", formats: [\"mp3\"], mp3: \"aHR0cDovL29ic2VydmF0b3Jpb2RhaW1wcmVuc2EubmV0L3dwLWNvbnRlbnQvdXBsb2Fkcy8yMDE5LzExL1NvY2llZGFkZS1hYmVydGEtZS1saWJlcmRhZGUtZGUtcGVuc2FtZW50by4tVHJhbnNwYXLDqm5jaWEtZS1ib2EtZ292ZXJuYcOnw6NvLm1wMw==\", counterpart:\"\", artist: \"\", image: \"false\", imgurl: \"\" },\n\t{ name: \"Cabinda. A condi\u00e7\u00e3o social dos artistas pl\u00e1sticos na vis\u00e3o do escultor Samuel Nkaya\", formats: [\"mp3\"], mp3: \"aHR0cDovL29ic2VydmF0b3Jpb2RhaW1wcmVuc2EubmV0L3dwLWNvbnRlbnQvdXBsb2Fkcy8yMDE5LzExL0NhYmluZGEuLUEtY29uZGnDp8Ojby1zb2NpYWwtZG9zLWFydGlzdGFzLXBsw6FzdGljb3MtbmEtdmlzw6NvLWRvLWVzY3VsdG9yLVNhbXVlbC1Oa2F5YS5tcDM=\", counterpart:\"\", artist: \"\", image: \"false\", imgurl: \"\" },\n\t{ name: \"Devemos continuar vigilantes na defesa da liberdade de express\u00e3o\", formats: [\"mp3\"], mp3: \"aHR0cDovL29ic2VydmF0b3Jpb2RhaW1wcmVuc2EubmV0L3dwLWNvbnRlbnQvdXBsb2Fkcy8yMDE5LzExL0RldmVtb3MtY29udGludWFyLXZpZ2lsYW50ZXMtbmEtZGVmZXNhLWRhLWxpYmVyZGFkZS1kZS1leHByZXNzw6NvLm1wMw==\", counterpart:\"\", artist: \"\", image: \"false\", imgurl: \"\" },\n\t{ name: \"Direito \u00e0 educa\u00e7\u00e3o adiado. Cidad\u00e3os construiram escola de chapas para salvar as crian\u00e7as na comunidade\", formats: [\"mp3\"], mp3: \"aHR0cDovL29ic2VydmF0b3Jpb2RhaW1wcmVuc2EubmV0L3dwLWNvbnRlbnQvdXBsb2Fkcy8yMDE5LzEwL0RpcmVpdG8tw6AtZWR1Y2HDp8Ojby1hZGlhZG8uLUNpZGFkw6Nvcy1jb25zdHJ1aXJhbS1lc2NvbGEtZGUtY2hhcGFzLXBhcmEtc2FsdmFyLWFzLWNyaWFuw6dhcy1uYS1jb211bmlkYWRlLm1wMw==\", counterpart:\"\", artist: \"\", image: \"false\", imgurl: \"\" },\n\t{ name: \"Escassez de transportes em Luanda\", formats: [\"mp3\"], mp3: \"aHR0cDovL29ic2VydmF0b3Jpb2RhaW1wcmVuc2EubmV0L3dwLWNvbnRlbnQvdXBsb2Fkcy8yMDE5LzEwL0VzY2Fzc2V6LWRlLXRyYW5zcG9ydGVzLWVtLUx1YW5kYS5tcDM=\", counterpart:\"\", artist: \"\", image: \"false\", imgurl: \"\" },\n\t{ name: \"Assistimos ao reposicionamento estrat\u00e9gico para manter o poder\", formats: [\"mp3\"], mp3: \"aHR0cDovL29ic2VydmF0b3Jpb2RhaW1wcmVuc2EubmV0L3dwLWNvbnRlbnQvdXBsb2Fkcy8yMDE5LzEwL0Fzc2lzdGltb3MtYW8tcmVwb3NpY2lvbmFtZW50by1lc3RyYXTDqWdpY28tcGFyYS1tYW50ZXItby1wb2Rlci5tcDM=\", counterpart:\"\", artist: \"\", image: \"false\", imgurl: \"\" },\n\t{ name: \"Os albinos n\u00e3o curam doen\u00e7as virais. N\u00e3o somos medicamento\", formats: [\"mp3\"], mp3: \"aHR0cDovL29ic2VydmF0b3Jpb2RhaW1wcmVuc2EubmV0L3dwLWNvbnRlbnQvdXBsb2Fkcy8yMDE5LzEwL09zLWFsYmlub3MtbsOjby1jdXJhbS1kb2Vuw6dhcy12aXJhaXMuLU7Do28tc29tb3MtbWVkaWNhbWVudG8ubXAz\", counterpart:\"\", artist: \"\", image: \"false\", imgurl: \"\" },\n\t{ name: \"Oi\u00e7a aqui\", formats: [\"mp3\"], mp3: \"aHR0cDovL29ic2VydmF0b3Jpb2RhaW1wcmVuc2EubmV0L3dwLWNvbnRlbnQvdXBsb2Fkcy8yMDE5LzEwL09pw6dhLWFxdWkubXAz\", counterpart:\"\", artist: \"\", image: \"false\", imgurl: \"\" },\n\t{ name: \"Oi\u00e7a a entrevista aqui\", formats: [\"mp3\"], mp3: \"aHR0cDovL29ic2VydmF0b3Jpb2RhaW1wcmVuc2EubmV0L3dwLWNvbnRlbnQvdXBsb2Fkcy8yMDE5LzA5L09pw6dhLWEtZW50cmV2aXN0YS1hcXVpLm1wMw==\", counterpart:\"\", artist: \"\", image: \"false\", imgurl: \"\" },\n\t{ name: \"I\", formats: [\"mp3\"], mp3: \"aHR0cDovL29ic2VydmF0b3Jpb2RhaW1wcmVuc2EubmV0L3dwLWNvbnRlbnQvdXBsb2Fkcy8yMDE5LzA5L0kubXAz\", counterpart:\"\", artist: \"\", image: \"false\", imgurl: \"\" },\n\t{ name: \"Oi\u00e7a a entrevista\", formats: [\"mp3\"], mp3: \"aHR0cDovL29ic2VydmF0b3Jpb2RhaW1wcmVuc2EubmV0L3dwLWNvbnRlbnQvdXBsb2Fkcy8yMDE5LzA5L09pw6dhLWEtZW50cmV2aXN0YS5tcDM=\", counterpart:\"\", artist: \"\", image: \"false\", imgurl: \"\" },\n\t{ name: \"Oi\u00e7a a entrevista (bioF)\", formats: [\"mp3\"], mp3: \"aHR0cDovL29ic2VydmF0b3Jpb2RhaW1wcmVuc2EubmV0L3dwLWNvbnRlbnQvdXBsb2Fkcy8yMDE5LzA5L09pw6dhLWEtZW50cmV2aXN0YS1iaW9GLm1wMw==\", counterpart:\"\", artist: \"\", image: \"false\", imgurl: \"\" },\n\t{ name: \"Oi\u00e7a a entrevista\", formats: [\"mp3\"], mp3: \"aHR0cDovL29ic2VydmF0b3Jpb2RhaW1wcmVuc2EubmV0L3dwLWNvbnRlbnQvdXBsb2Fkcy8yMDE5LzA5L09pw6dhLWEtZW50cmV2aXN0YS5tcDM=\", counterpart:\"\", artist: \"\", image: \"false\", imgurl: \"\" },\n\t{ name: \"\", formats: [\"m4a\"], mp3: \"aHR0cDovL29ic2VydmF0b3Jpb2RhaW1wcmVuc2EubmV0L3dwLWNvbnRlbnQvdXBsb2Fkcy8yMDE5LzA4L0ludGVsZWN0dWFsLm00YQ==\", counterpart:\"\", artist: \"\", image: \"false\", imgurl: \"\" }\n];\n<\/script>\n\n<script>MP3jPLAYERS[0] = { list:MP3jPLAYLISTS.MI_0, tr:0, type:'MI', lstate:true, loop:false, play_txt:'Play', pause_txt:'Pause', pp_title:'Observat\u00f3rio da imprensa', autoplay:false, download:false, vol:80, height:90, cssclass:'nostop flip ', popout_css:{ enabled:true, \t\t\tcolours: [\"#f0f0f0\", \"#416390\", \"rgb(233, 233, 233)\", \"rgb(0, 0, 0)\", \"rgb(255, 207, 0)\", \"#CCCCCC\", \"#ff6300\", \"#FFFFFF\", \"#416390\", \"#416390\", \"#FFFFFF\", \"\/\", 400, 600 ],\n\t\t\tcssInterface: { \"color\": \"#FFFFFF\" },\n\t\t\tcssTitle: { \"left\": \"36px\", \"right\":\"36px\", \"top\":\"30px\" },\n\t\t\tcssImage: { \"overflow\": \"hidden\", \"width\":\"auto\", \"height\":\"90px\"  },\n\t\t\tcssFontSize: { \"title\": \"20px\", \"caption\": \"14px\", \"list\": \"14px\" },\n\t\t\tclasses: { interface:'', title:' center-mjp norm-mjp plain-mjp childNorm-mjp childItalic-mjp', image:' Himg left-mjp', poscol:'', ul:' childNorm-mjp childPlain-mjp left-mjp' }} };<\/script>\n\n[\/vc_column_text][\/vc_column_inner][vc_column_inner width=&#8221;1\/3&#8243;][vc_widget_sidebar sidebar_id=&#8221;sidebar_sem_articulistas_643&#8243;][\/vc_column_inner][\/vc_row_inner][\/vc_column][\/vc_row]<\/p>","protected":false},"excerpt":{"rendered":"<p>[vc_row full_width=&#8221;stretch_row_content_no_spaces&#8221; css=&#8221;.vc_custom_1568749692612{margin-top: -50px !important;padding-top: -50px !important;}&#8221;][vc_column][rev_slider_vc alias=&#8221;sliderhome&#8221;][\/vc_column][\/vc_row][vc_row content_placement=&#8221;top&#8221;][vc_column][vc_row_inner][vc_column_inner width=&#8221;1\/3&#8243;][vc_single_image image=&#8221;3349&#8243; img_size=&#8221;full&#8221; alignment=&#8221;center&#8221; onclick=&#8221;custom_link&#8221; link=&#8221;\/menu\/liberdades-artisticas&#8221;][vc_single_image image=&#8221;735&#8243; img_size=&#8221;full&#8221; alignment=&#8221;center&#8221; onclick=&#8221;custom_link&#8221; link=&#8221;\/menu\/direito-a-desobediencia-civil&#8221;][\/vc_column_inner][vc_column_inner width=&#8221;1\/3&#8243;][vc_single_image image=&#8221;731&#8243; img_size=&#8221;full&#8221; alignment=&#8221;center&#8221; onclick=&#8221;custom_link&#8221; link=&#8221;\/menu\/linguagem-e-linguas&#8221;][vc_single_image image=&#8221;737&#8243; img_size=&#8221;full&#8221; alignment=&#8221;center&#8221; onclick=&#8221;custom_link&#8221; link=&#8221;\/menu\/liberdade-cientifica-e-conexas&#8221;][\/vc_column_inner][vc_column_inner width=&#8221;1\/3&#8243;][vc_single_image image=&#8221;733&#8243; img_size=&#8221;full&#8221; alignment=&#8221;center&#8221; onclick=&#8221;custom_link&#8221; link=&#8221;\/menu\/direito-a-internet&#8221;][vc_single_image image=&#8221;728&#8243; img_size=&#8221;full&#8221; alignment=&#8221;center&#8221; onclick=&#8221;custom_link&#8221; link=&#8221;\/menu\/legislacao&#8221;][\/vc_column_inner][\/vc_row_inner][vc_row_inner][vc_column_inner css=&#8221;.vc_custom_1619662981078{margin-top: -30px !important;}&#8221;][vc_column_text][\/vc_column_text][\/vc_column_inner][\/vc_row_inner][vc_text_separator title=&#8221;ARTIGOS RECENTES&#8221; color=&#8221;black&#8221; border_width=&#8221;2&#8243;][vc_row_inner][vc_column_inner css=&#8221;.vc_custom_1619969332943{margin-left: -3px !important;}&#8221;][na_posts_carousel height=&#8221;360px&#8221; excerpt=&#8221;180&#8243; comment=&#8221;none&#8221; &#8230;<\/p>\n","protected":false},"author":1,"featured_media":0,"parent":0,"menu_order":0,"comment_status":"closed","ping_status":"closed","template":"","meta":[],"yoast_head":"<!-- This site is optimized with the Yoast SEO plugin v16.7 - https:\/\/yoast.com\/wordpress\/plugins\/seo\/ -->\n<title>Homepage - Observat\u00f3rio da imprensa<\/title>\n<meta name=\"robots\" content=\"index, follow, max-snippet:-1, max-image-preview:large, max-video-preview:-1\" \/>\n<link rel=\"canonical\" href=\"https:\/\/observatoriodaimprensa.net\/\" \/>\n<meta property=\"og:locale\" content=\"en_US\" \/>\n<meta property=\"og:type\" content=\"article\" \/>\n<meta property=\"og:title\" content=\"Homepage - Observat\u00f3rio da imprensa\" \/>\n<meta property=\"og:description\" content=\"[vc_row full_width=&#8221;stretch_row_content_no_spaces&#8221; css=&#8221;.vc_custom_1568749692612{margin-top: -50px !important;padding-top: -50px !important;}&#8221;][vc_column][rev_slider_vc alias=&#8221;sliderhome&#8221;][\/vc_column][\/vc_row][vc_row content_placement=&#8221;top&#8221;][vc_column][vc_row_inner][vc_column_inner width=&#8221;1\/3&#8243;][vc_single_image image=&#8221;3349&#8243; img_size=&#8221;full&#8221; alignment=&#8221;center&#8221; onclick=&#8221;custom_link&#8221; link=&#8221;\/menu\/liberdades-artisticas&#8221;][vc_single_image image=&#8221;735&#8243; img_size=&#8221;full&#8221; alignment=&#8221;center&#8221; onclick=&#8221;custom_link&#8221; link=&#8221;\/menu\/direito-a-desobediencia-civil&#8221;][\/vc_column_inner][vc_column_inner width=&#8221;1\/3&#8243;][vc_single_image image=&#8221;731&#8243; img_size=&#8221;full&#8221; alignment=&#8221;center&#8221; onclick=&#8221;custom_link&#8221; link=&#8221;\/menu\/linguagem-e-linguas&#8221;][vc_single_image image=&#8221;737&#8243; img_size=&#8221;full&#8221; alignment=&#8221;center&#8221; onclick=&#8221;custom_link&#8221; link=&#8221;\/menu\/liberdade-cientifica-e-conexas&#8221;][\/vc_column_inner][vc_column_inner width=&#8221;1\/3&#8243;][vc_single_image image=&#8221;733&#8243; img_size=&#8221;full&#8221; alignment=&#8221;center&#8221; onclick=&#8221;custom_link&#8221; link=&#8221;\/menu\/direito-a-internet&#8221;][vc_single_image image=&#8221;728&#8243; img_size=&#8221;full&#8221; alignment=&#8221;center&#8221; onclick=&#8221;custom_link&#8221; link=&#8221;\/menu\/legislacao&#8221;][\/vc_column_inner][\/vc_row_inner][vc_row_inner][vc_column_inner css=&#8221;.vc_custom_1619662981078{margin-top: -30px !important;}&#8221;][vc_column_text][\/vc_column_text][\/vc_column_inner][\/vc_row_inner][vc_text_separator title=&#8221;ARTIGOS RECENTES&#8221; color=&#8221;black&#8221; border_width=&#8221;2&#8243;][vc_row_inner][vc_column_inner css=&#8221;.vc_custom_1619969332943{margin-left: -3px !important;}&#8221;][na_posts_carousel height=&#8221;360px&#8221; excerpt=&#8221;180&#8243; comment=&#8221;none&#8221; ...\" \/>\n<meta property=\"og:url\" content=\"https:\/\/observatoriodaimprensa.net\/\" \/>\n<meta property=\"og:site_name\" content=\"Observat\u00f3rio da imprensa\" \/>\n<meta property=\"article:modified_time\" content=\"2025-10-21T14:22:05+00:00\" \/>\n<meta name=\"twitter:label1\" content=\"Est. reading time\" \/>\n\t<meta name=\"twitter:data1\" content=\"2 minutes\" \/>\n<script type=\"application\/ld+json\" class=\"yoast-schema-graph\">{\"@context\":\"https:\/\/schema.org\",\"@graph\":[{\"@type\":\"WebSite\",\"@id\":\"https:\/\/observatoriodaimprensa.net\/#website\",\"url\":\"https:\/\/observatoriodaimprensa.net\/\",\"name\":\"Observat\\u00f3rio da imprensa\",\"description\":\"\",\"potentialAction\":[{\"@type\":\"SearchAction\",\"target\":{\"@type\":\"EntryPoint\",\"urlTemplate\":\"https:\/\/observatoriodaimprensa.net\/?s={search_term_string}\"},\"query-input\":\"required name=search_term_string\"}],\"inLanguage\":\"en-US\"},{\"@type\":\"WebPage\",\"@id\":\"https:\/\/observatoriodaimprensa.net\/#webpage\",\"url\":\"https:\/\/observatoriodaimprensa.net\/\",\"name\":\"Homepage - Observat\\u00f3rio da imprensa\",\"isPartOf\":{\"@id\":\"https:\/\/observatoriodaimprensa.net\/#website\"},\"datePublished\":\"2021-04-28T22:46:20+00:00\",\"dateModified\":\"2025-10-21T14:22:05+00:00\",\"breadcrumb\":{\"@id\":\"https:\/\/observatoriodaimprensa.net\/#breadcrumb\"},\"inLanguage\":\"en-US\",\"potentialAction\":[{\"@type\":\"ReadAction\",\"target\":[\"https:\/\/observatoriodaimprensa.net\/\"]}]},{\"@type\":\"BreadcrumbList\",\"@id\":\"https:\/\/observatoriodaimprensa.net\/#breadcrumb\",\"itemListElement\":[{\"@type\":\"ListItem\",\"position\":1,\"name\":\"In\\u00edcio\",\"item\":\"https:\/\/observatoriodaimprensa.net\/\"},{\"@type\":\"ListItem\",\"position\":2,\"name\":\"Homepage\"}]}]}<\/script>\n<!-- \/ Yoast SEO plugin. -->","yoast_head_json":{"title":"Homepage - Observat\u00f3rio da imprensa","robots":{"index":"index","follow":"follow","max-snippet":"max-snippet:-1","max-image-preview":"max-image-preview:large","max-video-preview":"max-video-preview:-1"},"canonical":"https:\/\/observatoriodaimprensa.net\/","og_locale":"en_US","og_type":"article","og_title":"Homepage - Observat\u00f3rio da imprensa","og_description":"[vc_row full_width=&#8221;stretch_row_content_no_spaces&#8221; css=&#8221;.vc_custom_1568749692612{margin-top: -50px !important;padding-top: -50px !important;}&#8221;][vc_column][rev_slider_vc alias=&#8221;sliderhome&#8221;][\/vc_column][\/vc_row][vc_row content_placement=&#8221;top&#8221;][vc_column][vc_row_inner][vc_column_inner width=&#8221;1\/3&#8243;][vc_single_image image=&#8221;3349&#8243; img_size=&#8221;full&#8221; alignment=&#8221;center&#8221; onclick=&#8221;custom_link&#8221; link=&#8221;\/menu\/liberdades-artisticas&#8221;][vc_single_image image=&#8221;735&#8243; img_size=&#8221;full&#8221; alignment=&#8221;center&#8221; onclick=&#8221;custom_link&#8221; link=&#8221;\/menu\/direito-a-desobediencia-civil&#8221;][\/vc_column_inner][vc_column_inner width=&#8221;1\/3&#8243;][vc_single_image image=&#8221;731&#8243; img_size=&#8221;full&#8221; alignment=&#8221;center&#8221; onclick=&#8221;custom_link&#8221; link=&#8221;\/menu\/linguagem-e-linguas&#8221;][vc_single_image image=&#8221;737&#8243; img_size=&#8221;full&#8221; alignment=&#8221;center&#8221; onclick=&#8221;custom_link&#8221; link=&#8221;\/menu\/liberdade-cientifica-e-conexas&#8221;][\/vc_column_inner][vc_column_inner width=&#8221;1\/3&#8243;][vc_single_image image=&#8221;733&#8243; img_size=&#8221;full&#8221; alignment=&#8221;center&#8221; onclick=&#8221;custom_link&#8221; link=&#8221;\/menu\/direito-a-internet&#8221;][vc_single_image image=&#8221;728&#8243; img_size=&#8221;full&#8221; alignment=&#8221;center&#8221; onclick=&#8221;custom_link&#8221; link=&#8221;\/menu\/legislacao&#8221;][\/vc_column_inner][\/vc_row_inner][vc_row_inner][vc_column_inner css=&#8221;.vc_custom_1619662981078{margin-top: -30px !important;}&#8221;][vc_column_text][\/vc_column_text][\/vc_column_inner][\/vc_row_inner][vc_text_separator title=&#8221;ARTIGOS RECENTES&#8221; color=&#8221;black&#8221; border_width=&#8221;2&#8243;][vc_row_inner][vc_column_inner css=&#8221;.vc_custom_1619969332943{margin-left: -3px !important;}&#8221;][na_posts_carousel height=&#8221;360px&#8221; excerpt=&#8221;180&#8243; comment=&#8221;none&#8221; ...","og_url":"https:\/\/observatoriodaimprensa.net\/","og_site_name":"Observat\u00f3rio da imprensa","article_modified_time":"2025-10-21T14:22:05+00:00","twitter_misc":{"Est. reading time":"2 minutes"},"schema":{"@context":"https:\/\/schema.org","@graph":[{"@type":"WebSite","@id":"https:\/\/observatoriodaimprensa.net\/#website","url":"https:\/\/observatoriodaimprensa.net\/","name":"Observat\u00f3rio da imprensa","description":"","potentialAction":[{"@type":"SearchAction","target":{"@type":"EntryPoint","urlTemplate":"https:\/\/observatoriodaimprensa.net\/?s={search_term_string}"},"query-input":"required name=search_term_string"}],"inLanguage":"en-US"},{"@type":"WebPage","@id":"https:\/\/observatoriodaimprensa.net\/#webpage","url":"https:\/\/observatoriodaimprensa.net\/","name":"Homepage - Observat\u00f3rio da imprensa","isPartOf":{"@id":"https:\/\/observatoriodaimprensa.net\/#website"},"datePublished":"2021-04-28T22:46:20+00:00","dateModified":"2025-10-21T14:22:05+00:00","breadcrumb":{"@id":"https:\/\/observatoriodaimprensa.net\/#breadcrumb"},"inLanguage":"en-US","potentialAction":[{"@type":"ReadAction","target":["https:\/\/observatoriodaimprensa.net\/"]}]},{"@type":"BreadcrumbList","@id":"https:\/\/observatoriodaimprensa.net\/#breadcrumb","itemListElement":[{"@type":"ListItem","position":1,"name":"In\u00edcio","item":"https:\/\/observatoriodaimprensa.net\/"},{"@type":"ListItem","position":2,"name":"Homepage"}]}]}},"_links":{"self":[{"href":"https:\/\/observatoriodaimprensa.net\/en\/wp-json\/wp\/v2\/pages\/3318"}],"collection":[{"href":"https:\/\/observatoriodaimprensa.net\/en\/wp-json\/wp\/v2\/pages"}],"about":[{"href":"https:\/\/observatoriodaimprensa.net\/en\/wp-json\/wp\/v2\/types\/page"}],"author":[{"embeddable":true,"href":"https:\/\/observatoriodaimprensa.net\/en\/wp-json\/wp\/v2\/users\/1"}],"replies":[{"embeddable":true,"href":"https:\/\/observatoriodaimprensa.net\/en\/wp-json\/wp\/v2\/comments?post=3318"}],"version-history":[{"count":8,"href":"https:\/\/observatoriodaimprensa.net\/en\/wp-json\/wp\/v2\/pages\/3318\/revisions"}],"predecessor-version":[{"id":3840,"href":"https:\/\/observatoriodaimprensa.net\/en\/wp-json\/wp\/v2\/pages\/3318\/revisions\/3840"}],"wp:attachment":[{"href":"https:\/\/observatoriodaimprensa.net\/en\/wp-json\/wp\/v2\/media?parent=3318"}],"curies":[{"name":"wp","href":"https:\/\/api.w.org\/{rel}","templated":true}]}}